{"id":22,"date":"2021-01-21T14:36:15","date_gmt":"2021-01-21T14:36:15","guid":{"rendered":"http:\/\/pflege-im-fokus.de\/?page_id=22"},"modified":"2021-02-09T19:09:42","modified_gmt":"2021-02-09T19:09:42","slug":"home","status":"publish","type":"page","link":"https:\/\/pflege-im-fokus.de\/","title":{"rendered":"Home"},"content":{"rendered":"\t\t<div data-elementor-type=\"wp-page\" data-elementor-id=\"22\" class=\"elementor elementor-22\" data-elementor-settings=\"[]\">\n\t\t\t\t\t\t<div class=\"elementor-inner\">\n\t\t\t\t\t\t\t<div class=\"elementor-section-wrap\">\n\t\t\t\t\t\t\t<section class=\"elementor-section elementor-top-section elementor-element elementor-element-f7b798f elementor-section-stretched elementor-section-boxed elementor-section-height-default elementor-section-height-default\" data-id=\"f7b798f\" data-element_type=\"section\" id=\"Kontakt\" data-settings=\"{&quot;stretch_section&quot;:&quot;section-stretched&quot;,&quot;background_background&quot;:&quot;classic&quot;}\">\n\t\t\t\t\t\t<div class=\"elementor-container elementor-column-gap-default\">\n\t\t\t\t\t\t\t<div class=\"elementor-row\">\n\t\t\t\t\t<div class=\"elementor-column elementor-col-100 elementor-top-column elementor-element elementor-element-a5cc33d\" data-id=\"a5cc33d\" data-element_type=\"column\">\n\t\t\t<div class=\"elementor-column-wrap elementor-element-populated\">\n\t\t\t\t\t\t\t<div class=\"elementor-widget-wrap\">\n\t\t\t\t\t\t<div class=\"elementor-element elementor-element-b80778c elementor-widget elementor-widget-heading\" data-id=\"b80778c\" data-element_type=\"widget\" data-widget_type=\"heading.default\">\n\t\t\t\t<div class=\"elementor-widget-container\">\n\t\t\t<h2 class=\"elementor-heading-title elementor-size-default\">Beziehen Sie Pflegegeld? Dann m\u00fcssen Sie regelm\u00e4\u00dfige Beratungen gegen\u00fcber der Pflegekasse nachweisen.<br><br><br><\/h2>\t\t<\/div>\n\t\t\t\t<\/div>\n\t\t\t\t<div class=\"elementor-element elementor-element-5e2dfed elementor-widget elementor-widget-heading\" data-id=\"5e2dfed\" data-element_type=\"widget\" data-widget_type=\"heading.default\">\n\t\t\t\t<div class=\"elementor-widget-container\">\n\t\t\t<h2 class=\"elementor-heading-title elementor-size-default\">Als anerkannte Beratungsstelle biete ich Ihnen meine Leistung an:<\/h2>\t\t<\/div>\n\t\t\t\t<\/div>\n\t\t\t\t<div class=\"elementor-element elementor-element-d6b91c6 elementor-widget elementor-widget-text-editor\" data-id=\"d6b91c6\" data-element_type=\"widget\" data-widget_type=\"text-editor.default\">\n\t\t\t\t<div class=\"elementor-widget-container\">\n\t\t\t\t\t<div class=\"elementor-text-editor elementor-clearfix\"><ul><li><p>Kostenlose<strong> Beratung,<\/strong> da ich mit den gesetzlichen Pflegekassen abrechnen kann.<\/p><\/li><li><p>Sie profitieren von meiner jahrelangen Erfahrung als Pflegeberaterin und Pflegesachverst\u00e4ndige <strong>f\u00fcr Erwachsene und Kinder.<\/strong><\/p><\/li><li>Ich berate sie <strong>unabh\u00e4ngig<\/strong> und <strong>neutral<\/strong> zu allen Angeboten und Leistungen, welche sie bei der Pflege unterst\u00fctzen und entlasten k\u00f6nnen.<\/li><\/ul><ul><li>Ich berate sie <strong>pers\u00f6nlich.<\/strong> Dadurch entsteht ein kontinuierlicher Prozess in dem ich Probleme und Ver\u00e4nderung der Pflegesituation bedarfsgerecht mit ihnen besprechen kann.<\/li><\/ul><\/div>\n\t\t\t\t<\/div>\n\t\t\t\t<\/div>\n\t\t\t\t<div class=\"elementor-element elementor-element-d2758c6 elementor-widget elementor-widget-text-editor\" data-id=\"d2758c6\" data-element_type=\"widget\" data-widget_type=\"text-editor.default\">\n\t\t\t\t<div class=\"elementor-widget-container\">\n\t\t\t\t\t<div class=\"elementor-text-editor elementor-clearfix\"><\/div>\n\t\t\t\t<\/div>\n\t\t\t\t<\/div>\n\t\t\t\t<div class=\"elementor-element elementor-element-996f4f1 elementor-widget elementor-widget-spacer\" data-id=\"996f4f1\" data-element_type=\"widget\" data-widget_type=\"spacer.default\">\n\t\t\t\t<div class=\"elementor-widget-container\">\n\t\t\t\t\t<div class=\"elementor-spacer\">\n\t\t\t<div class=\"elementor-spacer-inner\"><\/div>\n\t\t<\/div>\n\t\t\t\t<\/div>\n\t\t\t\t<\/div>\n\t\t\t\t\t\t<\/div>\n\t\t\t\t\t<\/div>\n\t\t<\/div>\n\t\t\t\t\t\t\t\t<\/div>\n\t\t\t\t\t<\/div>\n\t\t<\/section>\n\t\t\t\t<section class=\"elementor-section elementor-top-section elementor-element elementor-element-a7be7d2 elementor-section-boxed elementor-section-height-default elementor-section-height-default\" data-id=\"a7be7d2\" data-element_type=\"section\" data-settings=\"{&quot;background_background&quot;:&quot;classic&quot;}\">\n\t\t\t\t\t\t<div class=\"elementor-container elementor-column-gap-default\">\n\t\t\t\t\t\t\t<div class=\"elementor-row\">\n\t\t\t\t\t<div class=\"elementor-column elementor-col-100 elementor-top-column elementor-element elementor-element-3dbb6f4\" data-id=\"3dbb6f4\" data-element_type=\"column\">\n\t\t\t<div class=\"elementor-column-wrap elementor-element-populated\">\n\t\t\t\t\t\t\t<div class=\"elementor-widget-wrap\">\n\t\t\t\t\t\t<div class=\"elementor-element elementor-element-ca27fa3 elementor-widget elementor-widget-heading\" data-id=\"ca27fa3\" data-element_type=\"widget\" data-widget_type=\"heading.default\">\n\t\t\t\t<div class=\"elementor-widget-container\">\n\t\t\t<h2 class=\"elementor-heading-title elementor-size-default\">Ulrike Brozio<\/h2>\t\t<\/div>\n\t\t\t\t<\/div>\n\t\t\t\t<div class=\"elementor-element elementor-element-5723a2e elementor-widget elementor-widget-heading\" data-id=\"5723a2e\" data-element_type=\"widget\" data-widget_type=\"heading.default\">\n\t\t\t\t<div class=\"elementor-widget-container\">\n\t\t\t<h2 class=\"elementor-heading-title elementor-size-default\">Anerkannte Beratungsstelle nach \u00a7 37 SGB XI<\/h2>\t\t<\/div>\n\t\t\t\t<\/div>\n\t\t\t\t<div class=\"elementor-element elementor-element-84a3542 elementor-widget elementor-widget-spacer\" data-id=\"84a3542\" data-element_type=\"widget\" data-widget_type=\"spacer.default\">\n\t\t\t\t<div class=\"elementor-widget-container\">\n\t\t\t\t\t<div class=\"elementor-spacer\">\n\t\t\t<div class=\"elementor-spacer-inner\"><\/div>\n\t\t<\/div>\n\t\t\t\t<\/div>\n\t\t\t\t<\/div>\n\t\t\t\t<div class=\"elementor-element elementor-element-021cdeb elementor-widget elementor-widget-text-editor\" data-id=\"021cdeb\" data-element_type=\"widget\" data-widget_type=\"text-editor.default\">\n\t\t\t\t<div class=\"elementor-widget-container\">\n\t\t\t\t\t<div class=\"elementor-text-editor elementor-clearfix\"><p><strong>02324 &#8211;\u00a0 904785<\/strong><\/p><p><strong>Kontakt@pflege-im-fokus.de<\/strong><\/p><\/div>\n\t\t\t\t<\/div>\n\t\t\t\t<\/div>\n\t\t\t\t\t\t<\/div>\n\t\t\t\t\t<\/div>\n\t\t<\/div>\n\t\t\t\t\t\t\t\t<\/div>\n\t\t\t\t\t<\/div>\n\t\t<\/section>\n\t\t\t\t<section class=\"elementor-section elementor-top-section elementor-element elementor-element-1385a86 elementor-section-boxed elementor-section-height-default elementor-section-height-default\" data-id=\"1385a86\" data-element_type=\"section\" data-settings=\"{&quot;background_background&quot;:&quot;classic&quot;}\">\n\t\t\t\t\t\t<div class=\"elementor-container elementor-column-gap-no\">\n\t\t\t\t\t\t\t<div class=\"elementor-row\">\n\t\t\t\t\t<div class=\"elementor-column elementor-col-100 elementor-top-column elementor-element elementor-element-1beab2d\" data-id=\"1beab2d\" data-element_type=\"column\">\n\t\t\t<div class=\"elementor-column-wrap elementor-element-populated\">\n\t\t\t\t\t\t\t<div class=\"elementor-widget-wrap\">\n\t\t\t\t\t\t<div class=\"elementor-element elementor-element-31746e7 elementor-hidden-phone elementor-widget elementor-widget-image\" data-id=\"31746e7\" data-element_type=\"widget\" data-widget_type=\"image.default\">\n\t\t\t\t<div class=\"elementor-widget-container\">\n\t\t\t\t\t<div class=\"elementor-image\">\n\t\t\t\t\t\t\t\t\t\t<img width=\"1134\" height=\"183\" src=\"https:\/\/pflege-im-fokus.de\/wp-content\/uploads\/2021\/01\/Unten2.png\" class=\"attachment-full size-full\" alt=\"\" loading=\"lazy\" srcset=\"https:\/\/pflege-im-fokus.de\/wp-content\/uploads\/2021\/01\/Unten2.png 1134w, https:\/\/pflege-im-fokus.de\/wp-content\/uploads\/2021\/01\/Unten2-300x48.png 300w, https:\/\/pflege-im-fokus.de\/wp-content\/uploads\/2021\/01\/Unten2-1024x165.png 1024w, https:\/\/pflege-im-fokus.de\/wp-content\/uploads\/2021\/01\/Unten2-768x124.png 768w\" sizes=\"(max-width: 1134px) 100vw, 1134px\" \/>\t\t\t\t\t\t\t\t\t\t\t<\/div>\n\t\t\t\t<\/div>\n\t\t\t\t<\/div>\n\t\t\t\t\t\t<\/div>\n\t\t\t\t\t<\/div>\n\t\t<\/div>\n\t\t\t\t\t\t\t\t<\/div>\n\t\t\t\t\t<\/div>\n\t\t<\/section>\n\t\t\t\t<section class=\"elementor-section elementor-top-section elementor-element elementor-element-8e66ea0 elementor-section-boxed elementor-section-height-default elementor-section-height-default\" data-id=\"8e66ea0\" data-element_type=\"section\">\n\t\t\t\t\t\t<div class=\"elementor-container elementor-column-gap-default\">\n\t\t\t\t\t\t\t<div class=\"elementor-row\">\n\t\t\t\t\t<div class=\"elementor-column elementor-col-100 elementor-top-column elementor-element elementor-element-aa14e29\" data-id=\"aa14e29\" data-element_type=\"column\">\n\t\t\t<div class=\"elementor-column-wrap\">\n\t\t\t\t\t\t\t<div class=\"elementor-widget-wrap\">\n\t\t\t\t\t\t\t\t<\/div>\n\t\t\t\t\t<\/div>\n\t\t<\/div>\n\t\t\t\t\t\t\t\t<\/div>\n\t\t\t\t\t<\/div>\n\t\t<\/section>\n\t\t\t\t\t\t<\/div>\n\t\t\t\t\t\t<\/div>\n\t\t\t\t\t<\/div>\n\t\t","protected":false},"excerpt":{"rendered":"<p>Beziehen Sie Pflegegeld? Dann m\u00fcssen Sie regelm\u00e4\u00dfige Beratungen gegen\u00fcber der Pflegekasse nachweisen. Als anerkannte Beratungsstelle biete ich Ihnen meine Leistung an: Kostenlose Beratung, da ich mit den gesetzlichen Pflegekassen abrechnen kann. Sie profitieren von meiner jahrelangen Erfahrung als Pflegeberaterin und Pflegesachverst\u00e4ndige f\u00fcr Erwachsene und Kinder. Ich berate sie unabh\u00e4ngig und neutral zu allen Angeboten und [&hellip;]<\/p>\n","protected":false},"author":1,"featured_media":0,"parent":0,"menu_order":0,"comment_status":"closed","ping_status":"closed","template":"","meta":[],"_links":{"self":[{"href":"https:\/\/pflege-im-fokus.de\/index.php?rest_route=\/wp\/v2\/pages\/22"}],"collection":[{"href":"https:\/\/pflege-im-fokus.de\/index.php?rest_route=\/wp\/v2\/pages"}],"about":[{"href":"https:\/\/pflege-im-fokus.de\/index.php?rest_route=\/wp\/v2\/types\/page"}],"author":[{"embeddable":true,"href":"https:\/\/pflege-im-fokus.de\/index.php?rest_route=\/wp\/v2\/users\/1"}],"replies":[{"embeddable":true,"href":"https:\/\/pflege-im-fokus.de\/index.php?rest_route=%2Fwp%2Fv2%2Fcomments&post=22"}],"version-history":[{"count":226,"href":"https:\/\/pflege-im-fokus.de\/index.php?rest_route=\/wp\/v2\/pages\/22\/revisions"}],"predecessor-version":[{"id":310,"href":"https:\/\/pflege-im-fokus.de\/index.php?rest_route=\/wp\/v2\/pages\/22\/revisions\/310"}],"wp:attachment":[{"href":"https:\/\/pflege-im-fokus.de\/index.php?rest_route=%2Fwp%2Fv2%2Fmedia&parent=22"}],"curies":[{"name":"wp","href":"https:\/\/api.w.org\/{rel}","templated":true}]}}